{"id":1726,"date":"2026-03-31T14:37:58","date_gmt":"2026-03-31T12:37:58","guid":{"rendered":"https:\/\/hatria.com\/site2026\/privacy-policy\/"},"modified":"2026-03-31T14:37:58","modified_gmt":"2026-03-31T12:37:58","slug":"privacy-policy","status":"publish","type":"page","link":"https:\/\/hatria.com\/en\/privacy-policy\/","title":{"rendered":"Privacy Policy"},"content":{"rendered":"\t\t<div data-elementor-type=\"wp-page\" data-elementor-id=\"1726\" class=\"elementor elementor-1726 elementor-1182\" data-elementor-post-type=\"page\">\n\t\t\t\t<div class=\"elementor-element elementor-element-98024a1 e-flex e-con-boxed e-con e-parent\" data-id=\"98024a1\" data-element_type=\"container\" data-e-type=\"container\">\n\t\t\t\t\t<div class=\"e-con-inner\">\n\t\t\t\t<div class=\"elementor-element elementor-element-71cd448 elementor-widget elementor-widget-heading\" data-id=\"71cd448\" data-element_type=\"widget\" data-e-type=\"widget\" data-widget_type=\"heading.default\">\n\t\t\t\t\t<h1 class=\"elementor-heading-title elementor-size-default\">Privacy Policy<\/h1>\t\t\t\t<\/div>\n\t\t\t\t\t<\/div>\n\t\t\t\t<\/div>\n\t\t<div class=\"elementor-element elementor-element-7217aea e-flex e-con-boxed e-con e-parent\" data-id=\"7217aea\" data-element_type=\"container\" data-e-type=\"container\">\n\t\t\t\t\t<div class=\"e-con-inner\">\n\t\t\t\t<div class=\"elementor-element elementor-element-e09e52e elementor-widget elementor-widget-text-editor\" data-id=\"e09e52e\" data-element_type=\"widget\" data-e-type=\"widget\" data-widget_type=\"text-editor.default\">\n\t\t\t\t\t\t\t\t\t<p><strong>INFORMATIVA SULLA PROTEZIONE DEI DATI PERSONALI<br \/><br \/><\/strong><strong>Titolare del trattamento \u00e8<br \/><br \/><\/strong>Hatria s.r.l. a Socio Unico con sede legale in Via Isidoro e Lepido Facii, 4 \u2013 Zona Industriale S. Atto \u2013 64100 Teramo (TE) \u2013 indirizzo email\u00a0<span class=\"s1\">privacy@hatria.com<\/span>.<br \/><br \/>A seguito dell\u2019attuazione della normativa europea sul trattamento dei dati personali il Regolamento Generale sulla Protezione dei Dati (General Data Protection Regulation, da cui l\u2019acronimo GDPR) e della relativa norma italiana di riferimento, Hatria s.r.l. a Socio Unico riconosce l\u2019importanza della protezione dei dati personali e della loro tutela, come uno degli obiettivi principali della propria attivit\u00e0 e intende fornirle un preciso riscontro in merito alle modalit\u00e0 di trattamento dei suoi dati personali.<br \/><br \/>La presente Informativa sulla Protezione dei Dati Personali (di seguito Informativa) si applica esclusivamente alle attivit\u00e0 online del presente sito ed \u00e8 valida per i visitatori\/utenti del sito Hatria s.r.l. a Socio Unico, non si applica ad altri siti web eventualmente consultati tramite link esterni. L\u2019Informativa le fornisce dettagliate informazioni riguardo l\u2019esercizio dei suoi diritti di natura conoscitiva e di controllo in merito ai suoi dati personali concessi al Titolare del trattamento.<br \/><br \/>Hatria s.r.l. a Socio Unico la informa inoltre che il trattamento dei suoi dati personali sar\u00e0 basato sui principi di liceit\u00e0, correttezza, trasparenza, limitazione delle finalit\u00e0 e della conservazione, minimizzazione dei dati, esattezza, integrit\u00e0 e riservatezza.<br \/><br \/><strong>Categorie e Tipologia dei Dati che trattiamo<br \/><br \/><\/strong><strong><em>Dati comuni dal form di contatto<\/em><\/strong>: Nome, cognome, indirizzo email aziendale, azienda di appartenenza, eventuali altri dati da lei spontaneamente forniti.<br \/><br \/><strong><em>Dati comuni dal form lavora con noi<\/em><\/strong>: indirizzo email, curriculum vitae allegato.<br \/><br \/><strong><em>Dati particolari dal form lavora con noi<\/em><\/strong>: Eventuale appartenenza a categorie protette se menzionato nel CV.<br \/><br \/><strong><em>Dati di navigazione<\/em><\/strong>: indirizzo IP, l\u2019URL visitato, giorno e ora esatti della richiesta di collegamento, URL di provenienza.. Sono tutte le informazioni la cui trasmissione e conseguente raccolta \u00e8 implicita nei protocolli di comunicazione di internet. Non la identificano direttamente ma potrebbero identificarla se elaborati ed associati con dati detenuti da terzi: questo sito non trasmette i dati a terzi.<br \/><br \/><strong>Finalit\u00e0 del Trattamento e base giuridica<br \/><br \/><\/strong>Hatria s.r.l. a socio Unico tratter\u00e0 i suoi dati personali per le seguenti\u00a0<strong><em><u>finalit\u00e0<\/u><\/em><\/strong>:<\/p><ol><li>Richiesta di un contatto per informazioni di suo interesse<\/li><li>Invio spontaneo del curriculum vitae<\/li><li>Garantire la sicurezza del sito e la sua navigabilit\u00e0<\/li><\/ol><p><strong><em><u><br \/>Le basi legali<\/u><\/em><\/strong>\u00a0del trattamento per le finalit\u00e0 citate sono:<\/p><ol><li>In merito ai punti 1 e 2) l\u2019esecuzione di misure precontrattuali adottate dietro sua diretta richiesta<\/li><li>In merito al punto 3) il legittimo interesse del Titolare di garantire la fruibilit\u00e0 e la sicurezza del sito.<\/li><\/ol><p><strong><br \/>Natura del conferimento dei dati e conseguenze di eventuale mancato conferimento<br \/><br \/><\/strong>A parte il conferimento dei dati di navigazione, necessario per permetterle il collegamento e la navigazione sul sito, gli utenti\/visitatori del sito sono liberi di fornire i propri dati personali.<br \/><br \/>Il mancato conferimento dei dati di cui ai punti 1 e 2 le permetter\u00e0 di navigare comunque sul sito ma non consentir\u00e0 a Hatria s.r.l. a Socio Unico di instaurare con lei il rapporto connesso alla finalit\u00e0 indicata.<br \/><br \/><strong>Misure di sicurezza<br \/><br \/><\/strong>Il presente sito tratta i suoi dati in maniera lecita e corretta, adottando le opportune misure di sicurezza volte ad impedire accessi non autorizzati, divulgazione, modifica o distruzione non autorizzata dei dati. Il trattamento viene effettuato mediante strumenti informatici e\/o telematici, con modalit\u00e0 organizzative e con logiche strettamente correlate alle finalit\u00e0 indicate. A tal fine Hatria s.r.l. a Socio Unico si avvale delle infrastrutture tecniche ed organizzative fornite dalla AWS (Amazon Web Services)\u00a0<span style=\"text-decoration: underline;\"><a href=\"https:\/\/www.amazon.it\/gp\/help\/customer\/display.html?nodeId=GX7NJQ4ZB8MHFRNJ%20\">https:\/\/www.amazon.it\/gp\/help\/customer\/display.html?nodeId=GX7NJQ4ZB8MHFRNJ<\/a><br \/><br \/><\/span><strong>Comunicazione dei dati a terzi<br \/><br \/><\/strong>Oltre al Titolare i suoi dati potranno essere comunicati a:<\/p><ul><li>Persone autorizzate da Hatria s.r.l. a Socio Unico\u00a0 al trattamento dei dati personali<\/li><li>Soggetti esterni necessari per l\u2019erogazione dei servizi offerti dal sito e per garantirne la conformit\u00e0 legale, ma che in ogni caso agiscono tipicamente in qualit\u00e0 di responsabili del trattamento nominati da Hatria s.r.l. a Socio Unico<\/li><li>Forze di polizia ogniqualvolta ci\u00f2 sia richiesto da una norma di legge o da un provvedimento di altra Autorit\u00e0 competente<\/li><\/ul><p><strong><br \/>Trasferimento dei dati\u00a0\u00a0\u00a0<br \/><br \/><\/strong>I suoi dati personali non sono oggetto di trattamento al di fuori dello spazio dell\u2019Unione Europea.<br \/><br \/><strong>Conservazione dei dati\u00a0\u00a0\u00a0<br \/><br \/><\/strong>I dati raccolti dal sito durante il collegamento e la navigazione sono conservati per 15 giorni presso l\u2019hosting web di AWS in Francoforte (DE). Per quanto riguarda i dati di contatto per l\u2019invio di informazioni saranno conservati per tutta la durata delle attivit\u00e0 pre contrattuali e cancellati non oltre il termine di 5 anni dalla conclusione dell\u2019attivit\u00e0 richiesta.<br \/><br \/><strong>Diritti degli interessati \u00a0<br \/><br \/><\/strong>Relativamente ai suoi dati personali lei potr\u00e0 esercitare in qualsiasi momento i diritti previsti dal Regolamento UE 2016\/679 (artt.15-22), l\u2019accesso ai dati personali e la rettifica o la cancellazione degli stessi o la limitazione del trattamento che li riguarda o di opporsi al trattamento.<br \/><br \/>Le richieste possono essere inoltrate al Titolare del trattamento a scelta ai seguenti recapiti che trova nell\u2019area privacy del sito:\u00a0<a href=\"mailto:privacy@hatria.com\"><span style=\"text-decoration: underline;\"><em>privacy@hatria.com<\/em><\/span><\/a>\u00a0<strong>\u00a0\u2013\u00a0<\/strong>Telefono 0861 20.11. Sar\u00e0 cura di Hatria s.r.l. a Socio Unico rispondere alla sua richiesta entro un mese dalla data di ricezione della stessa.<br \/><br \/>Lei ha il diritto di proporre\u00a0<strong>Reclamo<\/strong>\u00a0a un\u2019autorit\u00e0 di controllo (Garante per la Protezione dei Dati Personali \u2013 GPDP) Piazza Venezia, 11 \u2013 00187 Roma, secondo le modalit\u00e0 indicate sul sito della stessa Autorit\u00e0 Garante (<u>garanteprivacy.it<\/u>)<br \/><br \/><strong>Cookie Policy<br \/><br \/><\/strong>Hatria s.r.l. a Socio Unico utilizza esclusivamente cookie tecnici necessari al funzionamento e alla fruibilit\u00e0 del sito.<br \/><br \/><strong>I Cookie tecnici<\/strong>, sono utilizzati al solo fine di effettuare la trasmissione di una comunicazione elettronica, per garantire la corretta visualizzazione del sito e la navigazione all\u2019interno di esso nonch\u00e9 per motivi di sicurezza del sito. Per questi cookie non occorre consenso.<br \/><br \/>Hatria s.r.l. a Socio Unico installa sul proprio sito\u00a0<em>Matomo Analytics\u00a0<\/em>con le seguenti caratteristiche:<\/p><ul><li>I dati sono conservati nella UE;<\/li><li>I dati sono anonimizzati (compreso gli IP);<\/li><li>Utilizza solo cookie di prima parte;<\/li><li>I dati sono aggregati e non sono condivisi neanche con il fornitore del servizio.<\/li><li>Non occorre consenso per l\u2019uso del servizio.<\/li><\/ul><p><br \/>Il presente sito incorpora anche Pulsanti e widget di social network Per fare in modo che i visitatori del sito possano condividere i contenuti del sito sui social network. Questi strumenti possono raccogliere cookie di terze parti installati dai social network<br \/><br \/>Il sito non condivide nessuna informazione con tali widget e la raccolta e l\u2019uso delle informazioni ottenute a mezzo del plugin sono regolati dalle rispettive informative privacy dei social network, alle quali si prega di fare riferimento:<\/p><ul><li>Facebook\u00a0<span style=\"text-decoration: underline;\"><a href=\"https:\/\/www.facebook.com\/privacy\/policy\/\">https:\/\/www.facebook.com\/privacy\/policy\/<\/a><\/span><\/li><li>Instagram\u00a0<span style=\"text-decoration: underline;\"><a href=\"https:\/\/privacycenter.instagram.com\/policy\">https:\/\/privacycenter.instagram.com\/policy<\/a><\/span><\/li><\/ul><ul><li>Linkedin\u00a0<span style=\"text-decoration: underline;\"><a href=\"https:\/\/it.linkedin.com\/legal\/privacy-policy\">https:\/\/it.linkedin.com\/legal\/privacy-policy<\/a><\/span><\/li><li>YouTube\u00a0<span style=\"text-decoration: underline;\"><a href=\"https:\/\/www.youtube.com\/intl\/ALL_it\/howyoutubeworks\/user-settings\/privacy\/#your-%20data-in-youtube\">https:\/\/www.youtube.com\/intl\/ALL_it\/howyoutubeworks\/user-settings\/privacy\/#your- data-in-youtube<\/a><\/span><\/li><\/ul><p><br \/>Icone realizzate da Osservatorio679-licenza d\u2019uso<\/p><p><span style=\"text-decoration: underline;\"><a href=\"https:\/\/creativecommons.org\/licenses\/by\/4.0\/deed.it\">https:\/\/creativecommons.org\/licenses\/by\/4.0\/deed.it<\/a><br \/><br \/><\/span>La presente Informativa \u00e8 aggiornata alla data del 13 Gennaio 2025<\/p>\t\t\t\t\t\t\t\t<\/div>\n\t\t\t\t\t<\/div>\n\t\t\t\t<\/div>\n\t\t\t\t<\/div>\n\t\t","protected":false},"excerpt":{"rendered":"<p>Privacy Policy INFORMATIVA SULLA PROTEZIONE DEI DATI PERSONALI Titolare del trattamento \u00e8 Hatria s.r.l. a Socio Unico con sede legale in Via Isidoro e Lepido Facii, 4 \u2013 Zona Industriale S. Atto \u2013 64100 Teramo (TE) \u2013 indirizzo email\u00a0privacy@hatria.com. A seguito dell\u2019attuazione della normativa europea sul trattamento dei dati personali il Regolamento Generale sulla Protezione [&hellip;]<\/p>\n","protected":false},"author":1,"featured_media":1575,"parent":0,"menu_order":999,"comment_status":"closed","ping_status":"closed","template":"","meta":{"_acf_changed":false,"footnotes":""},"class_list":["post-1726","page","type-page","status-publish","has-post-thumbnail","hentry"],"acf":[],"yoast_head":"<!-- This site is optimized with the Yoast SEO plugin v27.4 - https:\/\/yoast.com\/product\/yoast-seo-wordpress\/ -->\n<title>Privacy Policy - Hatria<\/title>\n<meta name=\"robots\" content=\"index, follow, max-snippet:-1, max-image-preview:large, max-video-preview:-1\" \/>\n<link rel=\"canonical\" href=\"https:\/\/hatria.com\/en\/privacy-policy\/\" \/>\n<meta property=\"og:locale\" content=\"en_US\" \/>\n<meta property=\"og:type\" content=\"article\" \/>\n<meta property=\"og:title\" content=\"Privacy Policy - Hatria\" \/>\n<meta property=\"og:description\" content=\"Privacy Policy INFORMATIVA SULLA PROTEZIONE DEI DATI PERSONALI Titolare del trattamento \u00e8 Hatria s.r.l. a Socio Unico con sede legale in Via Isidoro e Lepido Facii, 4 \u2013 Zona Industriale S. Atto \u2013 64100 Teramo (TE) \u2013 indirizzo email\u00a0privacy@hatria.com. A seguito dell\u2019attuazione della normativa europea sul trattamento dei dati personali il Regolamento Generale sulla Protezione [&hellip;]\" \/>\n<meta property=\"og:url\" content=\"https:\/\/hatria.com\/en\/privacy-policy\/\" \/>\n<meta property=\"og:site_name\" content=\"Hatria\" \/>\n<meta property=\"og:image\" content=\"https:\/\/hatria.com\/site2026\/wp-content\/uploads\/2026\/03\/hatria.png\" \/>\n\t<meta property=\"og:image:width\" content=\"1200\" \/>\n\t<meta property=\"og:image:height\" content=\"900\" \/>\n\t<meta property=\"og:image:type\" content=\"image\/png\" \/>\n<meta name=\"twitter:card\" content=\"summary_large_image\" \/>\n<meta name=\"twitter:label1\" content=\"Est. reading time\" \/>\n\t<meta name=\"twitter:data1\" content=\"6 minutes\" \/>\n<script type=\"application\/ld+json\" class=\"yoast-schema-graph\">{\"@context\":\"https:\\\/\\\/schema.org\",\"@graph\":[{\"@type\":\"WebPage\",\"@id\":\"https:\\\/\\\/hatria.com\\\/en\\\/privacy-policy\\\/\",\"url\":\"https:\\\/\\\/hatria.com\\\/en\\\/privacy-policy\\\/\",\"name\":\"Privacy Policy - Hatria\",\"isPartOf\":{\"@id\":\"https:\\\/\\\/hatria.com\\\/en\\\/#website\"},\"primaryImageOfPage\":{\"@id\":\"https:\\\/\\\/hatria.com\\\/en\\\/privacy-policy\\\/#primaryimage\"},\"image\":{\"@id\":\"https:\\\/\\\/hatria.com\\\/en\\\/privacy-policy\\\/#primaryimage\"},\"thumbnailUrl\":\"https:\\\/\\\/hatria.com\\\/site2026\\\/wp-content\\\/uploads\\\/2026\\\/03\\\/hatria.png\",\"datePublished\":\"2026-03-31T12:37:58+00:00\",\"breadcrumb\":{\"@id\":\"https:\\\/\\\/hatria.com\\\/en\\\/privacy-policy\\\/#breadcrumb\"},\"inLanguage\":\"en-US\",\"potentialAction\":[{\"@type\":\"ReadAction\",\"target\":[\"https:\\\/\\\/hatria.com\\\/en\\\/privacy-policy\\\/\"]}]},{\"@type\":\"ImageObject\",\"inLanguage\":\"en-US\",\"@id\":\"https:\\\/\\\/hatria.com\\\/en\\\/privacy-policy\\\/#primaryimage\",\"url\":\"https:\\\/\\\/hatria.com\\\/site2026\\\/wp-content\\\/uploads\\\/2026\\\/03\\\/hatria.png\",\"contentUrl\":\"https:\\\/\\\/hatria.com\\\/site2026\\\/wp-content\\\/uploads\\\/2026\\\/03\\\/hatria.png\",\"width\":1200,\"height\":900},{\"@type\":\"BreadcrumbList\",\"@id\":\"https:\\\/\\\/hatria.com\\\/en\\\/privacy-policy\\\/#breadcrumb\",\"itemListElement\":[{\"@type\":\"ListItem\",\"position\":1,\"name\":\"Home\",\"item\":\"https:\\\/\\\/hatria.com\\\/en\\\/\"},{\"@type\":\"ListItem\",\"position\":2,\"name\":\"Privacy Policy\"}]},{\"@type\":\"WebSite\",\"@id\":\"https:\\\/\\\/hatria.com\\\/en\\\/#website\",\"url\":\"https:\\\/\\\/hatria.com\\\/en\\\/\",\"name\":\"Hatria\",\"description\":\"Hatria vuol dire innovazione\",\"publisher\":{\"@id\":\"https:\\\/\\\/hatria.com\\\/en\\\/#organization\"},\"potentialAction\":[{\"@type\":\"SearchAction\",\"target\":{\"@type\":\"EntryPoint\",\"urlTemplate\":\"https:\\\/\\\/hatria.com\\\/en\\\/?s={search_term_string}\"},\"query-input\":{\"@type\":\"PropertyValueSpecification\",\"valueRequired\":true,\"valueName\":\"search_term_string\"}}],\"inLanguage\":\"en-US\"},{\"@type\":\"Organization\",\"@id\":\"https:\\\/\\\/hatria.com\\\/en\\\/#organization\",\"name\":\"Hatria\",\"url\":\"https:\\\/\\\/hatria.com\\\/en\\\/\",\"logo\":{\"@type\":\"ImageObject\",\"inLanguage\":\"en-US\",\"@id\":\"https:\\\/\\\/hatria.com\\\/en\\\/#\\\/schema\\\/logo\\\/image\\\/\",\"url\":\"https:\\\/\\\/hatria.com\\\/site2026\\\/wp-content\\\/uploads\\\/2026\\\/03\\\/logo-hatria-1.svg\",\"contentUrl\":\"https:\\\/\\\/hatria.com\\\/site2026\\\/wp-content\\\/uploads\\\/2026\\\/03\\\/logo-hatria-1.svg\",\"caption\":\"Hatria\"},\"image\":{\"@id\":\"https:\\\/\\\/hatria.com\\\/en\\\/#\\\/schema\\\/logo\\\/image\\\/\"}}]}<\/script>\n<!-- \/ Yoast SEO plugin. -->","yoast_head_json":{"title":"Privacy Policy - Hatria","robots":{"index":"index","follow":"follow","max-snippet":"max-snippet:-1","max-image-preview":"max-image-preview:large","max-video-preview":"max-video-preview:-1"},"canonical":"https:\/\/hatria.com\/en\/privacy-policy\/","og_locale":"en_US","og_type":"article","og_title":"Privacy Policy - Hatria","og_description":"Privacy Policy INFORMATIVA SULLA PROTEZIONE DEI DATI PERSONALI Titolare del trattamento \u00e8 Hatria s.r.l. a Socio Unico con sede legale in Via Isidoro e Lepido Facii, 4 \u2013 Zona Industriale S. Atto \u2013 64100 Teramo (TE) \u2013 indirizzo email\u00a0privacy@hatria.com. A seguito dell\u2019attuazione della normativa europea sul trattamento dei dati personali il Regolamento Generale sulla Protezione [&hellip;]","og_url":"https:\/\/hatria.com\/en\/privacy-policy\/","og_site_name":"Hatria","og_image":[{"width":1200,"height":900,"url":"https:\/\/hatria.com\/site2026\/wp-content\/uploads\/2026\/03\/hatria.png","type":"image\/png"}],"twitter_card":"summary_large_image","twitter_misc":{"Est. reading time":"6 minutes"},"schema":{"@context":"https:\/\/schema.org","@graph":[{"@type":"WebPage","@id":"https:\/\/hatria.com\/en\/privacy-policy\/","url":"https:\/\/hatria.com\/en\/privacy-policy\/","name":"Privacy Policy - Hatria","isPartOf":{"@id":"https:\/\/hatria.com\/en\/#website"},"primaryImageOfPage":{"@id":"https:\/\/hatria.com\/en\/privacy-policy\/#primaryimage"},"image":{"@id":"https:\/\/hatria.com\/en\/privacy-policy\/#primaryimage"},"thumbnailUrl":"https:\/\/hatria.com\/site2026\/wp-content\/uploads\/2026\/03\/hatria.png","datePublished":"2026-03-31T12:37:58+00:00","breadcrumb":{"@id":"https:\/\/hatria.com\/en\/privacy-policy\/#breadcrumb"},"inLanguage":"en-US","potentialAction":[{"@type":"ReadAction","target":["https:\/\/hatria.com\/en\/privacy-policy\/"]}]},{"@type":"ImageObject","inLanguage":"en-US","@id":"https:\/\/hatria.com\/en\/privacy-policy\/#primaryimage","url":"https:\/\/hatria.com\/site2026\/wp-content\/uploads\/2026\/03\/hatria.png","contentUrl":"https:\/\/hatria.com\/site2026\/wp-content\/uploads\/2026\/03\/hatria.png","width":1200,"height":900},{"@type":"BreadcrumbList","@id":"https:\/\/hatria.com\/en\/privacy-policy\/#breadcrumb","itemListElement":[{"@type":"ListItem","position":1,"name":"Home","item":"https:\/\/hatria.com\/en\/"},{"@type":"ListItem","position":2,"name":"Privacy Policy"}]},{"@type":"WebSite","@id":"https:\/\/hatria.com\/en\/#website","url":"https:\/\/hatria.com\/en\/","name":"Hatria","description":"Hatria vuol dire innovazione","publisher":{"@id":"https:\/\/hatria.com\/en\/#organization"},"potentialAction":[{"@type":"SearchAction","target":{"@type":"EntryPoint","urlTemplate":"https:\/\/hatria.com\/en\/?s={search_term_string}"},"query-input":{"@type":"PropertyValueSpecification","valueRequired":true,"valueName":"search_term_string"}}],"inLanguage":"en-US"},{"@type":"Organization","@id":"https:\/\/hatria.com\/en\/#organization","name":"Hatria","url":"https:\/\/hatria.com\/en\/","logo":{"@type":"ImageObject","inLanguage":"en-US","@id":"https:\/\/hatria.com\/en\/#\/schema\/logo\/image\/","url":"https:\/\/hatria.com\/site2026\/wp-content\/uploads\/2026\/03\/logo-hatria-1.svg","contentUrl":"https:\/\/hatria.com\/site2026\/wp-content\/uploads\/2026\/03\/logo-hatria-1.svg","caption":"Hatria"},"image":{"@id":"https:\/\/hatria.com\/en\/#\/schema\/logo\/image\/"}}]}},"_links":{"self":[{"href":"https:\/\/hatria.com\/en\/wp-json\/wp\/v2\/pages\/1726","targetHints":{"allow":["GET"]}}],"collection":[{"href":"https:\/\/hatria.com\/en\/wp-json\/wp\/v2\/pages"}],"about":[{"href":"https:\/\/hatria.com\/en\/wp-json\/wp\/v2\/types\/page"}],"author":[{"embeddable":true,"href":"https:\/\/hatria.com\/en\/wp-json\/wp\/v2\/users\/1"}],"replies":[{"embeddable":true,"href":"https:\/\/hatria.com\/en\/wp-json\/wp\/v2\/comments?post=1726"}],"version-history":[{"count":0,"href":"https:\/\/hatria.com\/en\/wp-json\/wp\/v2\/pages\/1726\/revisions"}],"wp:featuredmedia":[{"embeddable":true,"href":"https:\/\/hatria.com\/en\/wp-json\/wp\/v2\/media\/1575"}],"wp:attachment":[{"href":"https:\/\/hatria.com\/en\/wp-json\/wp\/v2\/media?parent=1726"}],"curies":[{"name":"wp","href":"https:\/\/api.w.org\/{rel}","templated":true}]}}