{"id":1720,"date":"2026-03-31T11:48:05","date_gmt":"2026-03-31T09:48:05","guid":{"rendered":"https:\/\/hatria.com\/site2026\/informativa-esercizio-dei-diritti\/"},"modified":"2026-04-09T11:28:25","modified_gmt":"2026-04-09T09:28:25","slug":"privacy-rights","status":"publish","type":"page","link":"https:\/\/hatria.com\/en\/privacy-rights\/","title":{"rendered":"Privacy Rights"},"content":{"rendered":"\t\t<div data-elementor-type=\"wp-page\" data-elementor-id=\"1720\" class=\"elementor elementor-1720 elementor-1158\" data-elementor-post-type=\"page\">\n\t\t\t\t<div class=\"elementor-element elementor-element-03e31bd e-flex e-con-boxed e-con e-parent\" data-id=\"03e31bd\" data-element_type=\"container\" data-e-type=\"container\">\n\t\t\t\t\t<div class=\"e-con-inner\">\n\t\t\t\t<div class=\"elementor-element elementor-element-82a6cc7 elementor-widget elementor-widget-heading\" data-id=\"82a6cc7\" data-element_type=\"widget\" data-e-type=\"widget\" data-widget_type=\"heading.default\">\n\t\t\t\t\t<h1 class=\"elementor-heading-title elementor-size-default\">Privacy Rights<\/h1>\t\t\t\t<\/div>\n\t\t\t\t\t<\/div>\n\t\t\t\t<\/div>\n\t\t<div class=\"elementor-element elementor-element-d4bae31 e-flex e-con-boxed e-con e-parent\" data-id=\"d4bae31\" data-element_type=\"container\" data-e-type=\"container\">\n\t\t\t\t\t<div class=\"e-con-inner\">\n\t\t\t\t<div class=\"elementor-element elementor-element-f0ce95b elementor-widget elementor-widget-text-editor\" data-id=\"f0ce95b\" data-element_type=\"widget\" data-e-type=\"widget\" data-widget_type=\"text-editor.default\">\n\t\t\t\t\t\t\t\t\t<p class=\"p1\"><b>Per poter esercitare i diritti collegati al conferimento dei suoi dati personali relativi alla sua navigazione su questo sito web\u00a0<\/b><b>e pertanto raccolti e trattati dalla Hatria s.r.l. a Socio Unico\u00a0<\/b><b>la preghiamo di leggere l\u2019informativa seguente e di scaricare il form in PDF che trova in questa area.<span class=\"Apple-converted-space\"><br \/><br \/><\/span><\/b><b>Il form deve essere compilato e spedito all\u2019indirizzo email\u00a0<\/b><span style=\"text-decoration: underline;\"><a href=\"mailto:privacy@hatria.com\"><span class=\"s1\">privacy@hatria.com<\/span><\/a><\/span><br \/><br \/><b>INFORMATIVA SULLA PROTEZIONE DEI DATI PERSONALI<br \/><br \/><\/b>Titolare del trattamento \u00e8 Hatria s.r.l. a Socio Unico con sede legale in Hatria s.r.l. a Socio Unico con sede legale in Via Isidoro Lepido Facii, 4 \u2013 Zona Industriale S. Atto \u2013 64100 Teramo (TE) \u2013 Telefono 0861 20.11<br \/><br \/>La Hatria s.r.l. a Socio Unico la informa inoltre che il trattamento dei suoi dati personali sar\u00e0 basato sui principi di liceit\u00e0, correttezza, trasparenza, limitazione delle finalit\u00e0 e della conservazione, minimizzazione dei dati, esattezza, integrit\u00e0 e riservatezza.<br \/><br \/><b>Categorie e Tipologia dei Dati che trattiamo<br \/><br \/><\/b>I dati trattati sono dati anagrafici e di contatto: Nome, cognome, data e luogo di nascita, numero telefonico, indirizzo email<br \/><br \/><b>Finalit\u00e0 del Trattamento e base giuridica<br \/><br \/><\/b>Il trattamento dei suoi dati personali \u00e8 necessario per poterla identificare e darle riscontro in merito alla sua richiesta e ha come base giuridica un obbligo di legge<br \/><br \/><b>Natura del conferimento dei dati e conseguenze di eventuale mancato conferimento<br \/><br \/><\/b>Il conferimento dei dati anagrafici \u00e8 facoltativo ma senza di esso non sar\u00e0 possibile per la Hatria s.r.l. a Socio Unico dare seguito alla sua richiesta di esercitare i suoi diritti nei confronti del Titolare.<br \/><br \/><b>Misure di sicurezza<br \/><br \/><\/b>La Hatria s.r.l. a Socio Unico tratta i suoi dati in maniera lecita e corretta, adottando le opportune misure di sicurezza volte ad impedire accessi non autorizzati, divulgazione, modifica o distruzione non autorizzata dei dati. Il trattamento viene effettuato mediante strumenti informatici e\/o telematici, con modalit\u00e0 organizzative e con logiche strettamente correlate alle finalit\u00e0 indicate<br \/><br \/><b>Comunicazione dei dati a terzi<br \/><br \/><\/b>Oltre al titolare i suoi dati potranno essere comunicati a:<\/p><ul class=\"ul1\"><li class=\"li3\">Addetti autorizzati dal titolare<\/li><li class=\"li3\">Soggetti esterni necessari per l\u2019erogazione dei servizi offerti dal sito e per garantirne la conformit\u00e0 legale, ma che in ogni caso agiscono tipicamente in qualit\u00e0 di responsabili del trattamento nominati da Hatria s.r.l. a Socio Unico.<span class=\"Apple-converted-space\">\u00a0<\/span><\/li><li class=\"li3\">Forze di polizia ogniqualvolta ci\u00f2 sia richiesto da una norma di legge o da un provvedimento di altra Autorit\u00e0 competente<\/li><\/ul><p class=\"p3\"><b><br \/>Trasferimento dei dati\u00a0<span class=\"Apple-converted-space\">\u00a0 \u00a0<br \/><br \/><\/span><\/b>I suoi dati personali non sono oggetto di trattamento al di fuori dello spazio dell\u2019Unione Europea.<br \/><br \/><b>Conservazione dei dati\u00a0<span class=\"Apple-converted-space\">\u00a0 \u00a0<br \/><br \/><\/span><\/b>I dati raccolti saranno trattati per tutto il tempo necessario a dare riscontro alla sua richiesta e conservati per i due anni successivi dalla chiusura della pratica ai fini della compilazione dell\u2019apposito registro come da disposizioni di legge.<\/p>\t\t\t\t\t\t\t\t<\/div>\n\t\t<div class=\"elementor-element elementor-element-56f1420 e-grid e-con-full e-con e-child\" data-id=\"56f1420\" data-element_type=\"container\" data-e-type=\"container\">\n\t\t<div class=\"elementor-element elementor-element-6d95552 e-con-full e-flex e-con e-child\" data-id=\"6d95552\" data-element_type=\"container\" data-e-type=\"container\">\n\t\t\t\t<div class=\"elementor-element elementor-element-ed2eb5c elementor-widget elementor-widget-heading\" data-id=\"ed2eb5c\" data-element_type=\"widget\" data-e-type=\"widget\" data-widget_type=\"heading.default\">\n\t\t\t\t\t<p class=\"elementor-heading-title elementor-size-default\">Accesso ai dati<\/p>\t\t\t\t<\/div>\n\t\t\t\t<div class=\"elementor-element elementor-element-2593626 elementor-align-left elementor-widget elementor-widget-button\" data-id=\"2593626\" data-element_type=\"widget\" data-e-type=\"widget\" data-widget_type=\"button.default\">\n\t\t\t\t\t\t\t\t\t\t<a class=\"elementor-button elementor-button-link elementor-size-sm\" href=\"https:\/\/hatria.com\/site2026\/wp-content\/uploads\/2026\/03\/5-Word-Accesso-ai-Dati.pdf\" target=\"_blank\">\n\t\t\t\t\t\t<span class=\"elementor-button-content-wrapper\">\n\t\t\t\t\t\t\t\t\t<span class=\"elementor-button-text\">Visualizza documento<\/span>\n\t\t\t\t\t<\/span>\n\t\t\t\t\t<\/a>\n\t\t\t\t\t\t\t\t<\/div>\n\t\t\t\t<\/div>\n\t\t<div class=\"elementor-element elementor-element-6cfa645 e-con-full e-flex e-con e-child\" data-id=\"6cfa645\" data-element_type=\"container\" data-e-type=\"container\">\n\t\t\t\t<div class=\"elementor-element elementor-element-8fa3478 elementor-widget elementor-widget-heading\" data-id=\"8fa3478\" data-element_type=\"widget\" data-e-type=\"widget\" data-widget_type=\"heading.default\">\n\t\t\t\t\t<p class=\"elementor-heading-title elementor-size-default\">Intervento sui dati<\/p>\t\t\t\t<\/div>\n\t\t\t\t<div class=\"elementor-element elementor-element-9153a15 elementor-align-left elementor-widget elementor-widget-button\" data-id=\"9153a15\" data-element_type=\"widget\" data-e-type=\"widget\" data-widget_type=\"button.default\">\n\t\t\t\t\t\t\t\t\t\t<a class=\"elementor-button elementor-button-link elementor-size-sm\" href=\"https:\/\/hatria.com\/site2026\/wp-content\/uploads\/2026\/03\/6-Word-Intervento-sui-Dati.pdf\" target=\"_blank\">\n\t\t\t\t\t\t<span class=\"elementor-button-content-wrapper\">\n\t\t\t\t\t\t\t\t\t<span class=\"elementor-button-text\">Visualizza documento<\/span>\n\t\t\t\t\t<\/span>\n\t\t\t\t\t<\/a>\n\t\t\t\t\t\t\t\t<\/div>\n\t\t\t\t<\/div>\n\t\t<div class=\"elementor-element elementor-element-a398fcb e-con-full e-flex e-con e-child\" data-id=\"a398fcb\" data-element_type=\"container\" data-e-type=\"container\">\n\t\t\t\t<div class=\"elementor-element elementor-element-50deac7 elementor-widget elementor-widget-heading\" data-id=\"50deac7\" data-element_type=\"widget\" data-e-type=\"widget\" data-widget_type=\"heading.default\">\n\t\t\t\t\t<p class=\"elementor-heading-title elementor-size-default\">Opposizione al trattamento<\/p>\t\t\t\t<\/div>\n\t\t\t\t<div class=\"elementor-element elementor-element-a711360 elementor-align-left elementor-widget elementor-widget-button\" data-id=\"a711360\" data-element_type=\"widget\" data-e-type=\"widget\" data-widget_type=\"button.default\">\n\t\t\t\t\t\t\t\t\t\t<a class=\"elementor-button elementor-button-link elementor-size-sm\" href=\"https:\/\/hatria.com\/site2026\/wp-content\/uploads\/2026\/03\/7-Word-Opposizione-al-trattamento.pdf\" target=\"_blank\">\n\t\t\t\t\t\t<span class=\"elementor-button-content-wrapper\">\n\t\t\t\t\t\t\t\t\t<span class=\"elementor-button-text\">Visualizza documento<\/span>\n\t\t\t\t\t<\/span>\n\t\t\t\t\t<\/a>\n\t\t\t\t\t\t\t\t<\/div>\n\t\t\t\t<\/div>\n\t\t\t\t<\/div>\n\t\t\t\t\t<\/div>\n\t\t\t\t<\/div>\n\t\t\t\t<\/div>\n\t\t","protected":false},"excerpt":{"rendered":"<p>Privacy Rights Per poter esercitare i diritti collegati al conferimento dei suoi dati personali relativi alla sua navigazione su questo sito web\u00a0e pertanto raccolti e trattati dalla Hatria s.r.l. a Socio Unico\u00a0la preghiamo di leggere l\u2019informativa seguente e di scaricare il form in PDF che trova in questa area. Il form deve essere compilato e [&hellip;]<\/p>\n","protected":false},"author":1,"featured_media":1575,"parent":0,"menu_order":999,"comment_status":"closed","ping_status":"closed","template":"","meta":{"_acf_changed":false,"footnotes":""},"class_list":["post-1720","page","type-page","status-publish","has-post-thumbnail","hentry"],"acf":[],"yoast_head":"<!-- This site is optimized with the Yoast SEO plugin v27.4 - https:\/\/yoast.com\/product\/yoast-seo-wordpress\/ -->\n<title>Privacy Rights - Hatria<\/title>\n<meta name=\"robots\" content=\"index, follow, max-snippet:-1, max-image-preview:large, max-video-preview:-1\" \/>\n<link rel=\"canonical\" href=\"https:\/\/hatria.com\/en\/privacy-rights\/\" \/>\n<meta property=\"og:locale\" content=\"en_US\" \/>\n<meta property=\"og:type\" content=\"article\" \/>\n<meta property=\"og:title\" content=\"Privacy Rights - Hatria\" \/>\n<meta property=\"og:description\" content=\"Privacy Rights Per poter esercitare i diritti collegati al conferimento dei suoi dati personali relativi alla sua navigazione su questo sito web\u00a0e pertanto raccolti e trattati dalla Hatria s.r.l. a Socio Unico\u00a0la preghiamo di leggere l\u2019informativa seguente e di scaricare il form in PDF che trova in questa area. Il form deve essere compilato e [&hellip;]\" \/>\n<meta property=\"og:url\" content=\"https:\/\/hatria.com\/en\/privacy-rights\/\" \/>\n<meta property=\"og:site_name\" content=\"Hatria\" \/>\n<meta property=\"article:modified_time\" content=\"2026-04-09T09:28:25+00:00\" \/>\n<meta property=\"og:image\" content=\"https:\/\/hatria.com\/site2026\/wp-content\/uploads\/2026\/03\/hatria.png\" \/>\n\t<meta property=\"og:image:width\" content=\"1200\" \/>\n\t<meta property=\"og:image:height\" content=\"900\" \/>\n\t<meta property=\"og:image:type\" content=\"image\/png\" \/>\n<meta name=\"twitter:card\" content=\"summary_large_image\" \/>\n<meta name=\"twitter:label1\" content=\"Est. reading time\" \/>\n\t<meta name=\"twitter:data1\" content=\"2 minutes\" \/>\n<script type=\"application\/ld+json\" class=\"yoast-schema-graph\">{\"@context\":\"https:\\\/\\\/schema.org\",\"@graph\":[{\"@type\":\"WebPage\",\"@id\":\"https:\\\/\\\/hatria.com\\\/en\\\/privacy-rights\\\/\",\"url\":\"https:\\\/\\\/hatria.com\\\/en\\\/privacy-rights\\\/\",\"name\":\"Privacy Rights - Hatria\",\"isPartOf\":{\"@id\":\"https:\\\/\\\/hatria.com\\\/en\\\/#website\"},\"primaryImageOfPage\":{\"@id\":\"https:\\\/\\\/hatria.com\\\/en\\\/privacy-rights\\\/#primaryimage\"},\"image\":{\"@id\":\"https:\\\/\\\/hatria.com\\\/en\\\/privacy-rights\\\/#primaryimage\"},\"thumbnailUrl\":\"https:\\\/\\\/hatria.com\\\/site2026\\\/wp-content\\\/uploads\\\/2026\\\/03\\\/hatria.png\",\"datePublished\":\"2026-03-31T09:48:05+00:00\",\"dateModified\":\"2026-04-09T09:28:25+00:00\",\"breadcrumb\":{\"@id\":\"https:\\\/\\\/hatria.com\\\/en\\\/privacy-rights\\\/#breadcrumb\"},\"inLanguage\":\"en-US\",\"potentialAction\":[{\"@type\":\"ReadAction\",\"target\":[\"https:\\\/\\\/hatria.com\\\/en\\\/privacy-rights\\\/\"]}]},{\"@type\":\"ImageObject\",\"inLanguage\":\"en-US\",\"@id\":\"https:\\\/\\\/hatria.com\\\/en\\\/privacy-rights\\\/#primaryimage\",\"url\":\"https:\\\/\\\/hatria.com\\\/site2026\\\/wp-content\\\/uploads\\\/2026\\\/03\\\/hatria.png\",\"contentUrl\":\"https:\\\/\\\/hatria.com\\\/site2026\\\/wp-content\\\/uploads\\\/2026\\\/03\\\/hatria.png\",\"width\":1200,\"height\":900},{\"@type\":\"BreadcrumbList\",\"@id\":\"https:\\\/\\\/hatria.com\\\/en\\\/privacy-rights\\\/#breadcrumb\",\"itemListElement\":[{\"@type\":\"ListItem\",\"position\":1,\"name\":\"Home\",\"item\":\"https:\\\/\\\/hatria.com\\\/en\\\/\"},{\"@type\":\"ListItem\",\"position\":2,\"name\":\"Privacy Rights\"}]},{\"@type\":\"WebSite\",\"@id\":\"https:\\\/\\\/hatria.com\\\/en\\\/#website\",\"url\":\"https:\\\/\\\/hatria.com\\\/en\\\/\",\"name\":\"Hatria\",\"description\":\"Hatria vuol dire innovazione\",\"publisher\":{\"@id\":\"https:\\\/\\\/hatria.com\\\/en\\\/#organization\"},\"potentialAction\":[{\"@type\":\"SearchAction\",\"target\":{\"@type\":\"EntryPoint\",\"urlTemplate\":\"https:\\\/\\\/hatria.com\\\/en\\\/?s={search_term_string}\"},\"query-input\":{\"@type\":\"PropertyValueSpecification\",\"valueRequired\":true,\"valueName\":\"search_term_string\"}}],\"inLanguage\":\"en-US\"},{\"@type\":\"Organization\",\"@id\":\"https:\\\/\\\/hatria.com\\\/en\\\/#organization\",\"name\":\"Hatria\",\"url\":\"https:\\\/\\\/hatria.com\\\/en\\\/\",\"logo\":{\"@type\":\"ImageObject\",\"inLanguage\":\"en-US\",\"@id\":\"https:\\\/\\\/hatria.com\\\/en\\\/#\\\/schema\\\/logo\\\/image\\\/\",\"url\":\"https:\\\/\\\/hatria.com\\\/site2026\\\/wp-content\\\/uploads\\\/2026\\\/03\\\/logo-hatria-1.svg\",\"contentUrl\":\"https:\\\/\\\/hatria.com\\\/site2026\\\/wp-content\\\/uploads\\\/2026\\\/03\\\/logo-hatria-1.svg\",\"caption\":\"Hatria\"},\"image\":{\"@id\":\"https:\\\/\\\/hatria.com\\\/en\\\/#\\\/schema\\\/logo\\\/image\\\/\"}}]}<\/script>\n<!-- \/ Yoast SEO plugin. -->","yoast_head_json":{"title":"Privacy Rights - Hatria","robots":{"index":"index","follow":"follow","max-snippet":"max-snippet:-1","max-image-preview":"max-image-preview:large","max-video-preview":"max-video-preview:-1"},"canonical":"https:\/\/hatria.com\/en\/privacy-rights\/","og_locale":"en_US","og_type":"article","og_title":"Privacy Rights - Hatria","og_description":"Privacy Rights Per poter esercitare i diritti collegati al conferimento dei suoi dati personali relativi alla sua navigazione su questo sito web\u00a0e pertanto raccolti e trattati dalla Hatria s.r.l. a Socio Unico\u00a0la preghiamo di leggere l\u2019informativa seguente e di scaricare il form in PDF che trova in questa area. Il form deve essere compilato e [&hellip;]","og_url":"https:\/\/hatria.com\/en\/privacy-rights\/","og_site_name":"Hatria","article_modified_time":"2026-04-09T09:28:25+00:00","og_image":[{"width":1200,"height":900,"url":"https:\/\/hatria.com\/site2026\/wp-content\/uploads\/2026\/03\/hatria.png","type":"image\/png"}],"twitter_card":"summary_large_image","twitter_misc":{"Est. reading time":"2 minutes"},"schema":{"@context":"https:\/\/schema.org","@graph":[{"@type":"WebPage","@id":"https:\/\/hatria.com\/en\/privacy-rights\/","url":"https:\/\/hatria.com\/en\/privacy-rights\/","name":"Privacy Rights - Hatria","isPartOf":{"@id":"https:\/\/hatria.com\/en\/#website"},"primaryImageOfPage":{"@id":"https:\/\/hatria.com\/en\/privacy-rights\/#primaryimage"},"image":{"@id":"https:\/\/hatria.com\/en\/privacy-rights\/#primaryimage"},"thumbnailUrl":"https:\/\/hatria.com\/site2026\/wp-content\/uploads\/2026\/03\/hatria.png","datePublished":"2026-03-31T09:48:05+00:00","dateModified":"2026-04-09T09:28:25+00:00","breadcrumb":{"@id":"https:\/\/hatria.com\/en\/privacy-rights\/#breadcrumb"},"inLanguage":"en-US","potentialAction":[{"@type":"ReadAction","target":["https:\/\/hatria.com\/en\/privacy-rights\/"]}]},{"@type":"ImageObject","inLanguage":"en-US","@id":"https:\/\/hatria.com\/en\/privacy-rights\/#primaryimage","url":"https:\/\/hatria.com\/site2026\/wp-content\/uploads\/2026\/03\/hatria.png","contentUrl":"https:\/\/hatria.com\/site2026\/wp-content\/uploads\/2026\/03\/hatria.png","width":1200,"height":900},{"@type":"BreadcrumbList","@id":"https:\/\/hatria.com\/en\/privacy-rights\/#breadcrumb","itemListElement":[{"@type":"ListItem","position":1,"name":"Home","item":"https:\/\/hatria.com\/en\/"},{"@type":"ListItem","position":2,"name":"Privacy Rights"}]},{"@type":"WebSite","@id":"https:\/\/hatria.com\/en\/#website","url":"https:\/\/hatria.com\/en\/","name":"Hatria","description":"Hatria vuol dire innovazione","publisher":{"@id":"https:\/\/hatria.com\/en\/#organization"},"potentialAction":[{"@type":"SearchAction","target":{"@type":"EntryPoint","urlTemplate":"https:\/\/hatria.com\/en\/?s={search_term_string}"},"query-input":{"@type":"PropertyValueSpecification","valueRequired":true,"valueName":"search_term_string"}}],"inLanguage":"en-US"},{"@type":"Organization","@id":"https:\/\/hatria.com\/en\/#organization","name":"Hatria","url":"https:\/\/hatria.com\/en\/","logo":{"@type":"ImageObject","inLanguage":"en-US","@id":"https:\/\/hatria.com\/en\/#\/schema\/logo\/image\/","url":"https:\/\/hatria.com\/site2026\/wp-content\/uploads\/2026\/03\/logo-hatria-1.svg","contentUrl":"https:\/\/hatria.com\/site2026\/wp-content\/uploads\/2026\/03\/logo-hatria-1.svg","caption":"Hatria"},"image":{"@id":"https:\/\/hatria.com\/en\/#\/schema\/logo\/image\/"}}]}},"_links":{"self":[{"href":"https:\/\/hatria.com\/en\/wp-json\/wp\/v2\/pages\/1720","targetHints":{"allow":["GET"]}}],"collection":[{"href":"https:\/\/hatria.com\/en\/wp-json\/wp\/v2\/pages"}],"about":[{"href":"https:\/\/hatria.com\/en\/wp-json\/wp\/v2\/types\/page"}],"author":[{"embeddable":true,"href":"https:\/\/hatria.com\/en\/wp-json\/wp\/v2\/users\/1"}],"replies":[{"embeddable":true,"href":"https:\/\/hatria.com\/en\/wp-json\/wp\/v2\/comments?post=1720"}],"version-history":[{"count":4,"href":"https:\/\/hatria.com\/en\/wp-json\/wp\/v2\/pages\/1720\/revisions"}],"predecessor-version":[{"id":1724,"href":"https:\/\/hatria.com\/en\/wp-json\/wp\/v2\/pages\/1720\/revisions\/1724"}],"wp:featuredmedia":[{"embeddable":true,"href":"https:\/\/hatria.com\/en\/wp-json\/wp\/v2\/media\/1575"}],"wp:attachment":[{"href":"https:\/\/hatria.com\/en\/wp-json\/wp\/v2\/media?parent=1720"}],"curies":[{"name":"wp","href":"https:\/\/api.w.org\/{rel}","templated":true}]}}