{"id":1699,"date":"2026-03-31T11:24:52","date_gmt":"2026-03-31T09:24:52","guid":{"rendered":"https:\/\/hatria.com\/site2026\/privacy-lavora-con-noi\/"},"modified":"2026-04-09T11:22:16","modified_gmt":"2026-04-09T09:22:16","slug":"privacy-work-with-us","status":"publish","type":"page","link":"https:\/\/hatria.com\/en\/privacy-work-with-us\/","title":{"rendered":"Privacy Work with us"},"content":{"rendered":"\t\t<div data-elementor-type=\"wp-page\" data-elementor-id=\"1699\" class=\"elementor elementor-1699 elementor-1147\" data-elementor-post-type=\"page\">\n\t\t\t\t<div class=\"elementor-element elementor-element-03e31bd e-flex e-con-boxed e-con e-parent\" data-id=\"03e31bd\" data-element_type=\"container\" data-e-type=\"container\">\n\t\t\t\t\t<div class=\"e-con-inner\">\n\t\t\t\t<div class=\"elementor-element elementor-element-82a6cc7 elementor-widget elementor-widget-heading\" data-id=\"82a6cc7\" data-element_type=\"widget\" data-e-type=\"widget\" data-widget_type=\"heading.default\">\n\t\t\t\t\t<h1 class=\"elementor-heading-title elementor-size-default\">Privacy Policy \u2013 \u2018Work with us\u2019 form<\/h1>\t\t\t\t<\/div>\n\t\t\t\t\t<\/div>\n\t\t\t\t<\/div>\n\t\t<div class=\"elementor-element elementor-element-d4bae31 e-flex e-con-boxed e-con e-parent\" data-id=\"d4bae31\" data-element_type=\"container\" data-e-type=\"container\">\n\t\t\t\t\t<div class=\"e-con-inner\">\n\t\t\t\t<div class=\"elementor-element elementor-element-f0ce95b elementor-widget elementor-widget-text-editor\" data-id=\"f0ce95b\" data-element_type=\"widget\" data-e-type=\"widget\" data-widget_type=\"text-editor.default\">\n\t\t\t\t\t\t\t\t\t<p class=\"p1\">In qualit\u00e0 di\u00a0<b>Titolare del trattamento<br \/><br \/><\/b>Hatria s.r.l. a Socio Unico con sede legale in Via Isidoro e Lepido Facii, 4 \u2013 Zona Industriale S. Atto \u2013 64100 Teramo (TE) \u2013 Telefono 0861 20.11 \u2013 indirizzo email\u00a0<span style=\"text-decoration: underline;\"><a href=\"mailto:privacy@hatria.com\"><span class=\"s1\">privacy@hatria.com<\/span><\/a>\u00a0<\/span><br \/><br \/>La presente Informativa sulla Protezione dei Dati Personali (di seguito Informativa) si applica esclusivamente alle attivit\u00e0 online del presente sito relativamente all\u2019invio spontaneo di curriculum vitae tramite apposito link. L\u2019Informativa le fornisce dettagliate informazioni riguardo l\u2019esercizio dei suoi diritti di natura conoscitiva e di controllo in merito ai suoi dati personali concessi al Titolare del trattamento.<br \/><br \/><strong>Categorie di Dati trattati<br \/><br \/><\/strong><b>Dati Comuni<\/b>\u00a0<b>dal form di lavora con noi<\/b>: indirizzo di posta elettronica<br \/><br \/><b>Dati Comuni dal curriculum vitae<\/b>: nome, cognome, indirizzo di residenza, grado di istruzione scolastico, formazione ed esperienza professionali, tutti gli altri dati personali contenuti nel cv.<br \/><br \/><b>Dati Particolari<\/b>: eventuale dichiarazione di appartenenza a categorie protette (L.68\/99)<br \/><br \/><b>Finalit\u00e0 del Trattamento e base giuridica<br \/><br \/><\/b>Hatria s.r.l. a Socio Unico tratter\u00e0 i suoi dati personali per la seguente\u00a0<span class=\"s2\"><b><i>finalit\u00e0<\/i><\/b><\/span>:<\/p><ol class=\"ol1\"><li class=\"li1\">Consentire la presentazione di candidatura spontanea<\/li><\/ol><p class=\"p1\"><span class=\"s2\"><b><i><br \/>La base legale<\/i><\/b><\/span>\u00a0del trattamento per la finalit\u00e0 citata \u00e8<\/p><p class=\"p5\"><span class=\"Apple-converted-space\">\u00a0\u00a0<\/span>1. L\u2019esecuzione di misure precontrattuali adottate dietro sua diretta richiesta<br \/><br \/><b>Natura del Conferimento dei dati e conseguenze di eventuale mancato conferimento<br \/><br \/><\/b>Facoltativa.<br \/><br \/>Il mancato conferimento dei dati non le impedir\u00e0 la fruibilit\u00e0 dei servizi del sito e la sua navigazione ma comporter\u00e0 l\u2019impossibilit\u00e0 per il Titolare di rendere il servizio richiesto.<br \/><br \/><b>Comunicazione dei dati a terzi<br \/><br \/><\/b>Oltre al titolare, i suoi dati personali potranno essere comunicati a:<\/p><ul class=\"ul1\"><li class=\"li1\">Dipendenti autorizzati dell\u2019area Risorse Umane di Hatria s.r.l. a Socio Unico al trattamento dei dati personali<\/li><li class=\"li1\">Responsabili del trattamento contrattualmente nominati necessari per lo svolgimento delle attivit\u00e0 di gestione e manutenzione della infrastruttura tecnologica<\/li><\/ul><p><b><br \/><br \/>PROFILAZIONE<\/b><\/p><p>I suoi dati non saranno oggetto di profilazione, legga la nostra cookie policy\u00a0<span class=\"s4\">[inserire link all\u2019informativa<\/span>]<br \/><br \/>I suoi dati personali sono conservati in formato cartaceo e informatico per tutta la durata della fase di pre valutazione, ante colloquio del suo profilo professionale In caso di valutazione non favorevole al colloquio i dati cartacei sono distrutti con apposita distruggi documenti e quelli informatici digitalmente cancellati.<br \/><br \/>I suoi dati personali\u00a0<span class=\"s2\">non sono<\/span>\u00a0trattati al di fuori dello spazio dell\u2019Unione Europea<br \/><br \/>Relativamente ai suoi dati personali lei potr\u00e0 esercitare in qualsiasi momento i diritti previsti dal Regolamento UE 2016\/679 negli artt. da 15-22 in particolare<\/p><ul class=\"ul1\"><li class=\"li1\">diritto di accesso ai suoi dati personali;<\/li><li class=\"li1\">diritto di rettifica;<\/li><li class=\"li1\">diritto alla cancellazione;<\/li><li class=\"li1\">diritto alla limitazione di trattamento;<\/li><li class=\"li1\">diritto alla notifica;<\/li><li class=\"li1\">diritto di opposizione al trattamento;<\/li><\/ul><p><br \/>Le richieste possono essere inoltrate al Titolare del trattamento al seguente recapito telefonico Tel 0861 2011 oppure all\u2019indirizzo email <span style=\"text-decoration: underline;\"><a href=\"mailto:privacy@haria.com\"><span class=\"s1\">privacy@haria.com<\/span><\/a>.<\/span> Sar\u00e0 cura del Titolare del trattamento rispondere alla sua richiesta entro 30 giorni dalla data di ricezione della stessa.<br \/><br \/>Lei ha il diritto di proporre <b>Reclamo<\/b>\u00a0a un\u2019autorit\u00e0 di controllo (Garante per la Protezione dei Dati Personali \u2013 GPDP) Piazza Venezia, 11 \u2013 00187 Roma \u2013 Fax (+39) 06 69.67.73.785 \u2013 Centralino telefonico: (+39) 06.696771 \u2013 E-mail<span class=\"Apple-converted-space\">\u00a0<span style=\"text-decoration: underline;\">\u00a0<\/span><\/span><span style=\"text-decoration: underline;\"><a href=\"mailto:protocollo@gpdp.it\"><span class=\"s1\">protocollo@gpdp.it<\/span><\/a><\/span><span class=\"s1\"><span style=\"text-decoration: underline;\">.<\/span><br \/><br \/><\/span>Icone realizzate da Osservatorio679-licenza d\u2019uso<br \/><span class=\"s2\"><span style=\"text-decoration: underline;\"><a href=\"https:\/\/creativecommons.org\/licenses\/by\/4.0\/deed.it\">https:\/\/creativecommons.org\/licenses\/by\/4.0\/deed.it<\/a><\/span><br \/><br \/><\/span>La presente Informativa \u00e8 aggiornata alla data del 15 febbraio 2024<\/p>\t\t\t\t\t\t\t\t<\/div>\n\t\t\t\t\t<\/div>\n\t\t\t\t<\/div>\n\t\t\t\t<\/div>\n\t\t","protected":false},"excerpt":{"rendered":"<p>Privacy Policy \u2013 \u2018Work with us\u2019 form In qualit\u00e0 di\u00a0Titolare del trattamento Hatria s.r.l. a Socio Unico con sede legale in Via Isidoro e Lepido Facii, 4 \u2013 Zona Industriale S. Atto \u2013 64100 Teramo (TE) \u2013 Telefono 0861 20.11 \u2013 indirizzo email\u00a0privacy@hatria.com\u00a0 La presente Informativa sulla Protezione dei Dati Personali (di seguito Informativa) si [&hellip;]<\/p>\n","protected":false},"author":1,"featured_media":1575,"parent":0,"menu_order":999,"comment_status":"closed","ping_status":"closed","template":"","meta":{"_acf_changed":false,"footnotes":""},"class_list":["post-1699","page","type-page","status-publish","has-post-thumbnail","hentry"],"acf":[],"yoast_head":"<!-- This site is optimized with the Yoast SEO plugin v27.5 - https:\/\/yoast.com\/product\/yoast-seo-wordpress\/ -->\n<title>Privacy Work with us - Hatria<\/title>\n<meta name=\"robots\" content=\"index, follow, max-snippet:-1, max-image-preview:large, max-video-preview:-1\" \/>\n<link rel=\"canonical\" href=\"https:\/\/hatria.com\/en\/privacy-work-with-us\/\" \/>\n<meta property=\"og:locale\" content=\"en_US\" \/>\n<meta property=\"og:type\" content=\"article\" \/>\n<meta property=\"og:title\" content=\"Privacy Work with us - Hatria\" \/>\n<meta property=\"og:description\" content=\"Privacy Policy \u2013 \u2018Work with us\u2019 form In qualit\u00e0 di\u00a0Titolare del trattamento Hatria s.r.l. a Socio Unico con sede legale in Via Isidoro e Lepido Facii, 4 \u2013 Zona Industriale S. Atto \u2013 64100 Teramo (TE) \u2013 Telefono 0861 20.11 \u2013 indirizzo email\u00a0privacy@hatria.com\u00a0 La presente Informativa sulla Protezione dei Dati Personali (di seguito Informativa) si [&hellip;]\" \/>\n<meta property=\"og:url\" content=\"https:\/\/hatria.com\/en\/privacy-work-with-us\/\" \/>\n<meta property=\"og:site_name\" content=\"Hatria\" \/>\n<meta property=\"article:modified_time\" content=\"2026-04-09T09:22:16+00:00\" \/>\n<meta property=\"og:image\" content=\"https:\/\/hatria.com\/site2026\/wp-content\/uploads\/2026\/03\/hatria.png\" \/>\n\t<meta property=\"og:image:width\" content=\"1200\" \/>\n\t<meta property=\"og:image:height\" content=\"900\" \/>\n\t<meta property=\"og:image:type\" content=\"image\/png\" \/>\n<meta name=\"twitter:card\" content=\"summary_large_image\" \/>\n<meta name=\"twitter:label1\" content=\"Est. reading time\" \/>\n\t<meta name=\"twitter:data1\" content=\"3 minutes\" \/>\n<script type=\"application\/ld+json\" class=\"yoast-schema-graph\">{\"@context\":\"https:\\\/\\\/schema.org\",\"@graph\":[{\"@type\":\"WebPage\",\"@id\":\"https:\\\/\\\/hatria.com\\\/en\\\/privacy-work-with-us\\\/\",\"url\":\"https:\\\/\\\/hatria.com\\\/en\\\/privacy-work-with-us\\\/\",\"name\":\"Privacy Work with us - Hatria\",\"isPartOf\":{\"@id\":\"https:\\\/\\\/hatria.com\\\/en\\\/#website\"},\"primaryImageOfPage\":{\"@id\":\"https:\\\/\\\/hatria.com\\\/en\\\/privacy-work-with-us\\\/#primaryimage\"},\"image\":{\"@id\":\"https:\\\/\\\/hatria.com\\\/en\\\/privacy-work-with-us\\\/#primaryimage\"},\"thumbnailUrl\":\"https:\\\/\\\/hatria.com\\\/site2026\\\/wp-content\\\/uploads\\\/2026\\\/03\\\/hatria.png\",\"datePublished\":\"2026-03-31T09:24:52+00:00\",\"dateModified\":\"2026-04-09T09:22:16+00:00\",\"breadcrumb\":{\"@id\":\"https:\\\/\\\/hatria.com\\\/en\\\/privacy-work-with-us\\\/#breadcrumb\"},\"inLanguage\":\"en-US\",\"potentialAction\":[{\"@type\":\"ReadAction\",\"target\":[\"https:\\\/\\\/hatria.com\\\/en\\\/privacy-work-with-us\\\/\"]}]},{\"@type\":\"ImageObject\",\"inLanguage\":\"en-US\",\"@id\":\"https:\\\/\\\/hatria.com\\\/en\\\/privacy-work-with-us\\\/#primaryimage\",\"url\":\"https:\\\/\\\/hatria.com\\\/site2026\\\/wp-content\\\/uploads\\\/2026\\\/03\\\/hatria.png\",\"contentUrl\":\"https:\\\/\\\/hatria.com\\\/site2026\\\/wp-content\\\/uploads\\\/2026\\\/03\\\/hatria.png\",\"width\":1200,\"height\":900},{\"@type\":\"BreadcrumbList\",\"@id\":\"https:\\\/\\\/hatria.com\\\/en\\\/privacy-work-with-us\\\/#breadcrumb\",\"itemListElement\":[{\"@type\":\"ListItem\",\"position\":1,\"name\":\"Home\",\"item\":\"https:\\\/\\\/hatria.com\\\/en\\\/\"},{\"@type\":\"ListItem\",\"position\":2,\"name\":\"Privacy Work with us\"}]},{\"@type\":\"WebSite\",\"@id\":\"https:\\\/\\\/hatria.com\\\/en\\\/#website\",\"url\":\"https:\\\/\\\/hatria.com\\\/en\\\/\",\"name\":\"Hatria\",\"description\":\"Hatria vuol dire innovazione\",\"publisher\":{\"@id\":\"https:\\\/\\\/hatria.com\\\/en\\\/#organization\"},\"potentialAction\":[{\"@type\":\"SearchAction\",\"target\":{\"@type\":\"EntryPoint\",\"urlTemplate\":\"https:\\\/\\\/hatria.com\\\/en\\\/?s={search_term_string}\"},\"query-input\":{\"@type\":\"PropertyValueSpecification\",\"valueRequired\":true,\"valueName\":\"search_term_string\"}}],\"inLanguage\":\"en-US\"},{\"@type\":\"Organization\",\"@id\":\"https:\\\/\\\/hatria.com\\\/en\\\/#organization\",\"name\":\"Hatria\",\"url\":\"https:\\\/\\\/hatria.com\\\/en\\\/\",\"logo\":{\"@type\":\"ImageObject\",\"inLanguage\":\"en-US\",\"@id\":\"https:\\\/\\\/hatria.com\\\/en\\\/#\\\/schema\\\/logo\\\/image\\\/\",\"url\":\"https:\\\/\\\/hatria.com\\\/site2026\\\/wp-content\\\/uploads\\\/2026\\\/03\\\/logo-hatria-1.svg\",\"contentUrl\":\"https:\\\/\\\/hatria.com\\\/site2026\\\/wp-content\\\/uploads\\\/2026\\\/03\\\/logo-hatria-1.svg\",\"caption\":\"Hatria\"},\"image\":{\"@id\":\"https:\\\/\\\/hatria.com\\\/en\\\/#\\\/schema\\\/logo\\\/image\\\/\"}}]}<\/script>\n<!-- \/ Yoast SEO plugin. -->","yoast_head_json":{"title":"Privacy Work with us - Hatria","robots":{"index":"index","follow":"follow","max-snippet":"max-snippet:-1","max-image-preview":"max-image-preview:large","max-video-preview":"max-video-preview:-1"},"canonical":"https:\/\/hatria.com\/en\/privacy-work-with-us\/","og_locale":"en_US","og_type":"article","og_title":"Privacy Work with us - Hatria","og_description":"Privacy Policy \u2013 \u2018Work with us\u2019 form In qualit\u00e0 di\u00a0Titolare del trattamento Hatria s.r.l. a Socio Unico con sede legale in Via Isidoro e Lepido Facii, 4 \u2013 Zona Industriale S. Atto \u2013 64100 Teramo (TE) \u2013 Telefono 0861 20.11 \u2013 indirizzo email\u00a0privacy@hatria.com\u00a0 La presente Informativa sulla Protezione dei Dati Personali (di seguito Informativa) si [&hellip;]","og_url":"https:\/\/hatria.com\/en\/privacy-work-with-us\/","og_site_name":"Hatria","article_modified_time":"2026-04-09T09:22:16+00:00","og_image":[{"width":1200,"height":900,"url":"https:\/\/hatria.com\/site2026\/wp-content\/uploads\/2026\/03\/hatria.png","type":"image\/png"}],"twitter_card":"summary_large_image","twitter_misc":{"Est. reading time":"3 minutes"},"schema":{"@context":"https:\/\/schema.org","@graph":[{"@type":"WebPage","@id":"https:\/\/hatria.com\/en\/privacy-work-with-us\/","url":"https:\/\/hatria.com\/en\/privacy-work-with-us\/","name":"Privacy Work with us - Hatria","isPartOf":{"@id":"https:\/\/hatria.com\/en\/#website"},"primaryImageOfPage":{"@id":"https:\/\/hatria.com\/en\/privacy-work-with-us\/#primaryimage"},"image":{"@id":"https:\/\/hatria.com\/en\/privacy-work-with-us\/#primaryimage"},"thumbnailUrl":"https:\/\/hatria.com\/site2026\/wp-content\/uploads\/2026\/03\/hatria.png","datePublished":"2026-03-31T09:24:52+00:00","dateModified":"2026-04-09T09:22:16+00:00","breadcrumb":{"@id":"https:\/\/hatria.com\/en\/privacy-work-with-us\/#breadcrumb"},"inLanguage":"en-US","potentialAction":[{"@type":"ReadAction","target":["https:\/\/hatria.com\/en\/privacy-work-with-us\/"]}]},{"@type":"ImageObject","inLanguage":"en-US","@id":"https:\/\/hatria.com\/en\/privacy-work-with-us\/#primaryimage","url":"https:\/\/hatria.com\/site2026\/wp-content\/uploads\/2026\/03\/hatria.png","contentUrl":"https:\/\/hatria.com\/site2026\/wp-content\/uploads\/2026\/03\/hatria.png","width":1200,"height":900},{"@type":"BreadcrumbList","@id":"https:\/\/hatria.com\/en\/privacy-work-with-us\/#breadcrumb","itemListElement":[{"@type":"ListItem","position":1,"name":"Home","item":"https:\/\/hatria.com\/en\/"},{"@type":"ListItem","position":2,"name":"Privacy Work with us"}]},{"@type":"WebSite","@id":"https:\/\/hatria.com\/en\/#website","url":"https:\/\/hatria.com\/en\/","name":"Hatria","description":"Hatria vuol dire innovazione","publisher":{"@id":"https:\/\/hatria.com\/en\/#organization"},"potentialAction":[{"@type":"SearchAction","target":{"@type":"EntryPoint","urlTemplate":"https:\/\/hatria.com\/en\/?s={search_term_string}"},"query-input":{"@type":"PropertyValueSpecification","valueRequired":true,"valueName":"search_term_string"}}],"inLanguage":"en-US"},{"@type":"Organization","@id":"https:\/\/hatria.com\/en\/#organization","name":"Hatria","url":"https:\/\/hatria.com\/en\/","logo":{"@type":"ImageObject","inLanguage":"en-US","@id":"https:\/\/hatria.com\/en\/#\/schema\/logo\/image\/","url":"https:\/\/hatria.com\/site2026\/wp-content\/uploads\/2026\/03\/logo-hatria-1.svg","contentUrl":"https:\/\/hatria.com\/site2026\/wp-content\/uploads\/2026\/03\/logo-hatria-1.svg","caption":"Hatria"},"image":{"@id":"https:\/\/hatria.com\/en\/#\/schema\/logo\/image\/"}}]}},"_links":{"self":[{"href":"https:\/\/hatria.com\/en\/wp-json\/wp\/v2\/pages\/1699","targetHints":{"allow":["GET"]}}],"collection":[{"href":"https:\/\/hatria.com\/en\/wp-json\/wp\/v2\/pages"}],"about":[{"href":"https:\/\/hatria.com\/en\/wp-json\/wp\/v2\/types\/page"}],"author":[{"embeddable":true,"href":"https:\/\/hatria.com\/en\/wp-json\/wp\/v2\/users\/1"}],"replies":[{"embeddable":true,"href":"https:\/\/hatria.com\/en\/wp-json\/wp\/v2\/comments?post=1699"}],"version-history":[{"count":4,"href":"https:\/\/hatria.com\/en\/wp-json\/wp\/v2\/pages\/1699\/revisions"}],"predecessor-version":[{"id":1713,"href":"https:\/\/hatria.com\/en\/wp-json\/wp\/v2\/pages\/1699\/revisions\/1713"}],"wp:featuredmedia":[{"embeddable":true,"href":"https:\/\/hatria.com\/en\/wp-json\/wp\/v2\/media\/1575"}],"wp:attachment":[{"href":"https:\/\/hatria.com\/en\/wp-json\/wp\/v2\/media?parent=1699"}],"curies":[{"name":"wp","href":"https:\/\/api.w.org\/{rel}","templated":true}]}}